{"id":3173,"date":"2023-02-16T14:33:16","date_gmt":"2023-02-16T13:33:16","guid":{"rendered":"https:\/\/precisionsealingsystems.hutchinson.com\/our-presence\/"},"modified":"2025-06-17T18:37:58","modified_gmt":"2025-06-17T16:37:58","slug":"our-presence","status":"publish","type":"page","link":"https:\/\/precisionsealingsystems.hutchinson.com\/en\/our-presence\/","title":{"rendered":"Our presence"},"content":{"rendered":"\n\n\n<p><\/p>\n\n\n\n<h2 class=\"wp-block-heading\">Hutchinson Precision Sealing Systems<\/h2>\n\n\n\n<div class=\"wp-block-columns is-layout-flex wp-container-core-columns-is-layout-28f84493 wp-block-columns-is-layout-flex\">\n<div class=\"wp-block-column is-layout-flow wp-block-column-is-layout-flow\">\n<h3 class=\"wp-block-heading\">Europe<\/h3>\n\n\n\n<p><strong>FRANCE<\/strong><br>Briare<br>Ch\u00e2teau-Gontier<br>Gamaches<br>Montargis<br><a href=\"https:\/\/precisionsealingsystems.hutchinson.com\/en\/ljf-roubaix-en\/\" target=\"_blank\" rel=\"noreferrer noopener\">Roubaix<\/a><br>Saint-Brieuc<br>Sartrouville<br>Segr\u00e9<\/p>\n\n\n\n<p><strong>GERMANY<\/strong><br>Mannheim<\/p>\n\n\n\n<p><strong>ITALY<\/strong><br>Cividino<\/p>\n\n\n\n<p><strong>MALTA<\/strong><br>Gozo<\/p>\n\n\n\n<p><strong>PORTUGAL<\/strong><br>Campo Maior<\/p>\n\n\n\n<p><strong>SPAIN<\/strong><br>C\u00e1ceres\u200b<br>Vitoria<\/p>\n\n\n\n<p><strong>CZECH REPUBLIC<br><\/strong>Rokycany<\/p>\n\n\n\n<p><strong>POLAND<\/strong><br>\u0141\u00f3d\u017a<\/p>\n\n\n\n<p><strong>ROMANIA<\/strong><br>Brasov<\/p>\n<\/div>\n\n\n\n<div class=\"wp-block-column is-layout-flow wp-block-column-is-layout-flow\">\n<h3 class=\"wp-block-heading\">North and South America<\/h3>\n\n\n\n<p><strong>BRAZIL<\/strong><br>Monte Alto<\/p>\n\n\n\n<p><strong>MEXICO<\/strong><br>Ensenada<\/p>\n\n\n\n<p><strong>USA<\/strong><br>Auburn Hills<br>Houston<\/p>\n\n\n\n<p><\/p>\n\n\n\n<h3 class=\"wp-block-heading\">Africa<\/h3>\n\n\n\n<p><strong>MOROCCO<\/strong><br>Tanger<\/p>\n<\/div>\n\n\n\n<div class=\"wp-block-column is-layout-flow wp-block-column-is-layout-flow\">\n<h3 class=\"wp-block-heading\">Asia<\/h3>\n\n\n\n<p><strong>CHINA<\/strong><br>Suzhou<br>Shenyang<\/p>\n\n\n\n<p><strong>INDIA<\/strong><br>Chennai<\/p>\n\n\n\n<p><strong>JAPAN<\/strong><br>Tokyo<\/p>\n\n\n\n<p><strong>THAILAND<\/strong><br>Bangkok<\/p>\n\n\n\n<p><strong>SOUTH KOREA<br><\/strong>Busan<\/p>\n<\/div>\n<\/div>\n","protected":false},"excerpt":{"rendered":"<p>Hutchinson Precision Sealing Systems Europe FRANCEBriareCh\u00e2teau-GontierGamachesMontargisRoubaixSaint-BrieucSartrouvilleSegr\u00e9 GERMANYMannheim ITALYCividino MALTAGozo PORTUGALCampo Maior SPAINC\u00e1ceres\u200bVitoria CZECH REPUBLICRokycany POLAND\u0141\u00f3d\u017a ROMANIABrasov North and South America BRAZILMonte Alto MEXICOEnsenada USAAuburn HillsHouston Africa MOROCCOTanger Asia CHINASuzhouShenyang INDIAChennai JAPANTokyo THAILANDBangkok SOUTH KOREABusan<\/p>\n","protected":false},"author":2,"featured_media":0,"parent":0,"menu_order":0,"comment_status":"closed","ping_status":"closed","template":"","meta":{"_acf_changed":false,"footnotes":""},"class_list":["post-3173","page","type-page","status-publish","hentry"],"acf":[],"yoast_head":"<!-- This site is optimized with the Yoast SEO plugin v27.3 - https:\/\/yoast.com\/product\/yoast-seo-wordpress\/ -->\n<title>Our presence - Hutchinson - PSS<\/title>\n<meta name=\"robots\" content=\"index, follow, max-snippet:-1, max-image-preview:large, max-video-preview:-1\" \/>\n<link rel=\"canonical\" href=\"https:\/\/precisionsealingsystems.hutchinson.com\/en\/our-presence\/\" \/>\n<meta property=\"og:locale\" content=\"en_US\" \/>\n<meta property=\"og:type\" content=\"article\" \/>\n<meta property=\"og:title\" content=\"Our presence - Hutchinson - PSS\" \/>\n<meta property=\"og:description\" content=\"Hutchinson Precision Sealing Systems Europe FRANCEBriareCh\u00e2teau-GontierGamachesMontargisRoubaixSaint-BrieucSartrouvilleSegr\u00e9 GERMANYMannheim ITALYCividino MALTAGozo PORTUGALCampo Maior SPAINC\u00e1ceres\u200bVitoria CZECH REPUBLICRokycany POLAND\u0141\u00f3d\u017a ROMANIABrasov North and South America BRAZILMonte Alto MEXICOEnsenada USAAuburn HillsHouston Africa MOROCCOTanger Asia CHINASuzhouShenyang INDIAChennai JAPANTokyo THAILANDBangkok SOUTH KOREABusan\" \/>\n<meta property=\"og:url\" content=\"https:\/\/precisionsealingsystems.hutchinson.com\/en\/our-presence\/\" \/>\n<meta property=\"og:site_name\" content=\"Hutchinson - PSS\" \/>\n<meta property=\"article:modified_time\" content=\"2025-06-17T16:37:58+00:00\" \/>\n<meta name=\"twitter:card\" content=\"summary_large_image\" \/>\n<meta name=\"twitter:label1\" content=\"Est. reading time\" \/>\n\t<meta name=\"twitter:data1\" content=\"1 minute\" \/>\n<script type=\"application\/ld+json\" class=\"yoast-schema-graph\">{\"@context\":\"https:\\\/\\\/schema.org\",\"@graph\":[{\"@type\":\"WebPage\",\"@id\":\"https:\\\/\\\/precisionsealingsystems.hutchinson.com\\\/en\\\/our-presence\\\/\",\"url\":\"https:\\\/\\\/precisionsealingsystems.hutchinson.com\\\/en\\\/our-presence\\\/\",\"name\":\"Our presence - Hutchinson - PSS\",\"isPartOf\":{\"@id\":\"https:\\\/\\\/precisionsealingsystems.hutchinson.com\\\/#website\"},\"datePublished\":\"2023-02-16T13:33:16+00:00\",\"dateModified\":\"2025-06-17T16:37:58+00:00\",\"breadcrumb\":{\"@id\":\"https:\\\/\\\/precisionsealingsystems.hutchinson.com\\\/en\\\/our-presence\\\/#breadcrumb\"},\"inLanguage\":\"en-US\",\"potentialAction\":[{\"@type\":\"ReadAction\",\"target\":[\"https:\\\/\\\/precisionsealingsystems.hutchinson.com\\\/en\\\/our-presence\\\/\"]}]},{\"@type\":\"BreadcrumbList\",\"@id\":\"https:\\\/\\\/precisionsealingsystems.hutchinson.com\\\/en\\\/our-presence\\\/#breadcrumb\",\"itemListElement\":[{\"@type\":\"ListItem\",\"position\":1,\"name\":\"Accueil\",\"item\":\"https:\\\/\\\/precisionsealingsystems.hutchinson.com\\\/en\\\/\"},{\"@type\":\"ListItem\",\"position\":2,\"name\":\"Our presence\"}]},{\"@type\":\"WebSite\",\"@id\":\"https:\\\/\\\/precisionsealingsystems.hutchinson.com\\\/#website\",\"url\":\"https:\\\/\\\/precisionsealingsystems.hutchinson.com\\\/\",\"name\":\"Hutchinson - PSS\",\"description\":\"Precision Sealing Systems\",\"publisher\":{\"@id\":\"https:\\\/\\\/precisionsealingsystems.hutchinson.com\\\/#organization\"},\"potentialAction\":[{\"@type\":\"SearchAction\",\"target\":{\"@type\":\"EntryPoint\",\"urlTemplate\":\"https:\\\/\\\/precisionsealingsystems.hutchinson.com\\\/?s={search_term_string}\"},\"query-input\":{\"@type\":\"PropertyValueSpecification\",\"valueRequired\":true,\"valueName\":\"search_term_string\"}}],\"inLanguage\":\"en-US\"},{\"@type\":\"Organization\",\"@id\":\"https:\\\/\\\/precisionsealingsystems.hutchinson.com\\\/#organization\",\"name\":\"Hutchinson - PSS\",\"url\":\"https:\\\/\\\/precisionsealingsystems.hutchinson.com\\\/\",\"logo\":{\"@type\":\"ImageObject\",\"inLanguage\":\"en-US\",\"@id\":\"https:\\\/\\\/precisionsealingsystems.hutchinson.com\\\/#\\\/schema\\\/logo\\\/image\\\/\",\"url\":\"https:\\\/\\\/precisionsealingsystems.hutchinson.com\\\/wp-content\\\/uploads\\\/2023\\\/02\\\/logo_hutchinson_pss-1.png\",\"contentUrl\":\"https:\\\/\\\/precisionsealingsystems.hutchinson.com\\\/wp-content\\\/uploads\\\/2023\\\/02\\\/logo_hutchinson_pss-1.png\",\"width\":1433,\"height\":151,\"caption\":\"Hutchinson - PSS\"},\"image\":{\"@id\":\"https:\\\/\\\/precisionsealingsystems.hutchinson.com\\\/#\\\/schema\\\/logo\\\/image\\\/\"}}]}<\/script>\n<!-- \/ Yoast SEO plugin. -->","yoast_head_json":{"title":"Our presence - Hutchinson - PSS","robots":{"index":"index","follow":"follow","max-snippet":"max-snippet:-1","max-image-preview":"max-image-preview:large","max-video-preview":"max-video-preview:-1"},"canonical":"https:\/\/precisionsealingsystems.hutchinson.com\/en\/our-presence\/","og_locale":"en_US","og_type":"article","og_title":"Our presence - Hutchinson - PSS","og_description":"Hutchinson Precision Sealing Systems Europe FRANCEBriareCh\u00e2teau-GontierGamachesMontargisRoubaixSaint-BrieucSartrouvilleSegr\u00e9 GERMANYMannheim ITALYCividino MALTAGozo PORTUGALCampo Maior SPAINC\u00e1ceres\u200bVitoria CZECH REPUBLICRokycany POLAND\u0141\u00f3d\u017a ROMANIABrasov North and South America BRAZILMonte Alto MEXICOEnsenada USAAuburn HillsHouston Africa MOROCCOTanger Asia CHINASuzhouShenyang INDIAChennai JAPANTokyo THAILANDBangkok SOUTH KOREABusan","og_url":"https:\/\/precisionsealingsystems.hutchinson.com\/en\/our-presence\/","og_site_name":"Hutchinson - PSS","article_modified_time":"2025-06-17T16:37:58+00:00","twitter_card":"summary_large_image","twitter_misc":{"Est. reading time":"1 minute"},"schema":{"@context":"https:\/\/schema.org","@graph":[{"@type":"WebPage","@id":"https:\/\/precisionsealingsystems.hutchinson.com\/en\/our-presence\/","url":"https:\/\/precisionsealingsystems.hutchinson.com\/en\/our-presence\/","name":"Our presence - Hutchinson - PSS","isPartOf":{"@id":"https:\/\/precisionsealingsystems.hutchinson.com\/#website"},"datePublished":"2023-02-16T13:33:16+00:00","dateModified":"2025-06-17T16:37:58+00:00","breadcrumb":{"@id":"https:\/\/precisionsealingsystems.hutchinson.com\/en\/our-presence\/#breadcrumb"},"inLanguage":"en-US","potentialAction":[{"@type":"ReadAction","target":["https:\/\/precisionsealingsystems.hutchinson.com\/en\/our-presence\/"]}]},{"@type":"BreadcrumbList","@id":"https:\/\/precisionsealingsystems.hutchinson.com\/en\/our-presence\/#breadcrumb","itemListElement":[{"@type":"ListItem","position":1,"name":"Accueil","item":"https:\/\/precisionsealingsystems.hutchinson.com\/en\/"},{"@type":"ListItem","position":2,"name":"Our presence"}]},{"@type":"WebSite","@id":"https:\/\/precisionsealingsystems.hutchinson.com\/#website","url":"https:\/\/precisionsealingsystems.hutchinson.com\/","name":"Hutchinson - PSS","description":"Precision Sealing Systems","publisher":{"@id":"https:\/\/precisionsealingsystems.hutchinson.com\/#organization"},"potentialAction":[{"@type":"SearchAction","target":{"@type":"EntryPoint","urlTemplate":"https:\/\/precisionsealingsystems.hutchinson.com\/?s={search_term_string}"},"query-input":{"@type":"PropertyValueSpecification","valueRequired":true,"valueName":"search_term_string"}}],"inLanguage":"en-US"},{"@type":"Organization","@id":"https:\/\/precisionsealingsystems.hutchinson.com\/#organization","name":"Hutchinson - PSS","url":"https:\/\/precisionsealingsystems.hutchinson.com\/","logo":{"@type":"ImageObject","inLanguage":"en-US","@id":"https:\/\/precisionsealingsystems.hutchinson.com\/#\/schema\/logo\/image\/","url":"https:\/\/precisionsealingsystems.hutchinson.com\/wp-content\/uploads\/2023\/02\/logo_hutchinson_pss-1.png","contentUrl":"https:\/\/precisionsealingsystems.hutchinson.com\/wp-content\/uploads\/2023\/02\/logo_hutchinson_pss-1.png","width":1433,"height":151,"caption":"Hutchinson - PSS"},"image":{"@id":"https:\/\/precisionsealingsystems.hutchinson.com\/#\/schema\/logo\/image\/"}}]}},"_links":{"self":[{"href":"https:\/\/precisionsealingsystems.hutchinson.com\/en\/wp-json\/wp\/v2\/pages\/3173","targetHints":{"allow":["GET"]}}],"collection":[{"href":"https:\/\/precisionsealingsystems.hutchinson.com\/en\/wp-json\/wp\/v2\/pages"}],"about":[{"href":"https:\/\/precisionsealingsystems.hutchinson.com\/en\/wp-json\/wp\/v2\/types\/page"}],"author":[{"embeddable":true,"href":"https:\/\/precisionsealingsystems.hutchinson.com\/en\/wp-json\/wp\/v2\/users\/2"}],"replies":[{"embeddable":true,"href":"https:\/\/precisionsealingsystems.hutchinson.com\/en\/wp-json\/wp\/v2\/comments?post=3173"}],"version-history":[{"count":11,"href":"https:\/\/precisionsealingsystems.hutchinson.com\/en\/wp-json\/wp\/v2\/pages\/3173\/revisions"}],"predecessor-version":[{"id":7073,"href":"https:\/\/precisionsealingsystems.hutchinson.com\/en\/wp-json\/wp\/v2\/pages\/3173\/revisions\/7073"}],"wp:attachment":[{"href":"https:\/\/precisionsealingsystems.hutchinson.com\/en\/wp-json\/wp\/v2\/media?parent=3173"}],"curies":[{"name":"wp","href":"https:\/\/api.w.org\/{rel}","templated":true}]}}