{"id":3180,"date":"2023-02-17T09:50:07","date_gmt":"2023-02-17T08:50:07","guid":{"rendered":"https:\/\/precisionsealingsystems.hutchinson.com\/fairs\/"},"modified":"2025-12-23T15:29:54","modified_gmt":"2025-12-23T14:29:54","slug":"trade-shows","status":"publish","type":"page","link":"https:\/\/precisionsealingsystems.hutchinson.com\/en\/trade-shows\/","title":{"rendered":"Trade Shows"},"content":{"rendered":"\n<h2 class=\"wp-block-heading\">Upcoming Events<\/h2>\n\n\n<section class=\"block-event-wrapper\" style=\"width:100%;overflow-x:auto;\">\n\t<div style=\"min-width:760px\">\n\t\t<table style=\"border-collapse: collapse; width: 100%; height: 100%\">\n\t\t\t<tbody>\n\t\t\t\t<th>\u00c9v\u00e9n\u00e9ment<\/th>\n\t\t\t\t<th>Dates<\/th>\n\t\t\t\t<th>Ville<\/th>\n\t\t\t\t<th>Pays<\/th>\n\t\t\t\t<th>March\u00e9<\/th>\n\t\t\t\t\t\t\t\t\t<tr>\n\t\t\t\t\t\t<td>Hyvolution<\/td>\n\t\t\t\t\t\t<td>27\/01\/2026\n\t\t\t\t\t\t\t&#8211;\n\t\t\t\t\t\t\t29\/01\/2026<\/td>\n\t\t\t\t\t\t<td>Paris <\/td>\n\t\t\t\t\t\t<td>France<\/td>\n\t\t\t\t\t\t<td>\n\t\t\t\t\t\t\t\t\t\t\t\t\t\t\tHydrogen\n\t\t\t\t\t\t\t\t\t\t\t\t\t<\/td>\n\t\t\t\t\t<\/tr>\n\t\t\t\t\t\t\t\t\t<tr>\n\t\t\t\t\t\t<td>SEPEM<\/td>\n\t\t\t\t\t\t<td>27\/01\/2026\n\t\t\t\t\t\t\t&#8211;\n\t\t\t\t\t\t\t29\/01\/2026<\/td>\n\t\t\t\t\t\t<td>Douai<\/td>\n\t\t\t\t\t\t<td>France<\/td>\n\t\t\t\t\t\t<td>\n\t\t\t\t\t\t\t\t\t\t\t\t\t\t\tIndustry\n\t\t\t\t\t\t\t\t\t\t\t\t\t<\/td>\n\t\t\t\t\t<\/tr>\n\t\t\t\t\t\t\t\t\t<tr>\n\t\t\t\t\t\t<td>LNG Doha<\/td>\n\t\t\t\t\t\t<td>02\/02\/2026\n\t\t\t\t\t\t\t&#8211;\n\t\t\t\t\t\t\t05\/02\/2026<\/td>\n\t\t\t\t\t\t<td>Doha <\/td>\n\t\t\t\t\t\t<td>Qatar<\/td>\n\t\t\t\t\t\t<td>\n\t\t\t\t\t\t\t\t\t\t\t\t\t\t\tOil &amp; Gaz\n\t\t\t\t\t\t\t\t\t\t\t\t\t<\/td>\n\t\t\t\t\t<\/tr>\n\t\t\t\t\t\t\t\t\t<tr>\n\t\t\t\t\t\t<td>ADF<\/td>\n\t\t\t\t\t\t<td>05\/02\/2026\n\t\t\t\t\t\t\t&#8211;\n\t\t\t\t\t\t\t06\/02\/2026<\/td>\n\t\t\t\t\t\t<td>Paris <\/td>\n\t\t\t\t\t\t<td>France<\/td>\n\t\t\t\t\t\t<td>\n\t\t\t\t\t\t\t\t\t\t\t\t\t\t\tIndustry\n\t\t\t\t\t\t\t\t\t\t\t\t\t<\/td>\n\t\t\t\t\t<\/tr>\n\t\t\t\t\t\t\t\t\t<tr>\n\t\t\t\t\t\t<td>CFIA<\/td>\n\t\t\t\t\t\t<td>10\/03\/2026\n\t\t\t\t\t\t\t&#8211;\n\t\t\t\t\t\t\t12\/03\/2026<\/td>\n\t\t\t\t\t\t<td>Rennes<\/td>\n\t\t\t\t\t\t<td>France<\/td>\n\t\t\t\t\t\t<td>\n\t\t\t\t\t\t\t\t\t\t\t\t\t\t\tFood\n\t\t\t\t\t\t\t\t\t\t\t\t\t<\/td>\n\t\t\t\t\t<\/tr>\n\t\t\t\t\t\t\t\t\t<tr>\n\t\t\t\t\t\t<td>Global Industrie<\/td>\n\t\t\t\t\t\t<td>30\/03\/2026\n\t\t\t\t\t\t\t&#8211;\n\t\t\t\t\t\t\t04\/04\/2026<\/td>\n\t\t\t\t\t\t<td>Villepinte<\/td>\n\t\t\t\t\t\t<td>France <\/td>\n\t\t\t\t\t\t<td>\n\t\t\t\t\t\t\t\t\t\t\t\t\t\t\tIndustry\n\t\t\t\t\t\t\t\t\t\t\t\t\t<\/td>\n\t\t\t\t\t<\/tr>\n\t\t\t\t\t\t\t\t\t<tr>\n\t\t\t\t\t\t<td>EUSGA<\/td>\n\t\t\t\t\t\t<td>08\/06\/2026\n\t\t\t\t\t\t\t&#8211;\n\t\t\t\t\t\t\t<\/td>\n\t\t\t\t\t\t<td><\/td>\n\t\t\t\t\t\t<td>United Kingdom<\/td>\n\t\t\t\t\t\t<td>\n\t\t\t\t\t\t\t\t\t\t\t\t\t\t\tIndustry\n\t\t\t\t\t\t\t\t\t\t\t\t\t<\/td>\n\t\t\t\t\t<\/tr>\n\t\t\t\t\t\t\t\t\t<tr>\n\t\t\t\t\t\t<td>Bordnetze<\/td>\n\t\t\t\t\t\t<td>05\/05\/2026\n\t\t\t\t\t\t\t&#8211;\n\t\t\t\t\t\t\t06\/05\/2026<\/td>\n\t\t\t\t\t\t<td>\tLudwigsburg<\/td>\n\t\t\t\t\t\t<td>Germany<\/td>\n\t\t\t\t\t\t<td>\n\t\t\t\t\t\t\t\t\t\t\t\t\t\t\tAutomotive\n\t\t\t\t\t\t\t\t\t\t\t\t\t<\/td>\n\t\t\t\t\t<\/tr>\n\t\t\t\t\t\t\t\t\t<tr>\n\t\t\t\t\t\t<td>Battery Show Europe<\/td>\n\t\t\t\t\t\t<td>09\/06\/2026\n\t\t\t\t\t\t\t&#8211;\n\t\t\t\t\t\t\t11\/06\/2026<\/td>\n\t\t\t\t\t\t<td>Stuttgart<\/td>\n\t\t\t\t\t\t<td>Germany<\/td>\n\t\t\t\t\t\t<td>\n\t\t\t\t\t\t\t\t\t\t\t\t\t\t\tAutomotive\n\t\t\t\t\t\t\t\t\t\t\t\t\t<\/td>\n\t\t\t\t\t<\/tr>\n\t\t\t\t\t\t\t\t\t<tr>\n\t\t\t\t\t\t<td>Eurosatory<\/td>\n\t\t\t\t\t\t<td>15\/06\/2026\n\t\t\t\t\t\t\t&#8211;\n\t\t\t\t\t\t\t16\/06\/2026<\/td>\n\t\t\t\t\t\t<td>Paris <\/td>\n\t\t\t\t\t\t<td>France <\/td>\n\t\t\t\t\t\t<td>\n\t\t\t\t\t\t\t\t\t\t\t\t\t\t\tDefense\n\t\t\t\t\t\t\t\t\t\t\t\t\t<\/td>\n\t\t\t\t\t<\/tr>\n\t\t\t\t\t\t\t\t\t<tr>\n\t\t\t\t\t\t<td>Eurobike<\/td>\n\t\t\t\t\t\t<td>24\/06\/2026\n\t\t\t\t\t\t\t&#8211;\n\t\t\t\t\t\t\t26\/06\/2026<\/td>\n\t\t\t\t\t\t<td>Francfort<\/td>\n\t\t\t\t\t\t<td>Germany<\/td>\n\t\t\t\t\t\t<td>\n\t\t\t\t\t\t\t\t\t\t\t\t\t\t\tE-bike\n\t\t\t\t\t\t\t\t\t\t\t\t\t<\/td>\n\t\t\t\t\t<\/tr>\n\t\t\t\t\t\t\t\t\t<tr>\n\t\t\t\t\t\t<td>Farnborough International Airshow<\/td>\n\t\t\t\t\t\t<td>20\/07\/2026\n\t\t\t\t\t\t\t&#8211;\n\t\t\t\t\t\t\t24\/07\/2026<\/td>\n\t\t\t\t\t\t<td>Shanghai<\/td>\n\t\t\t\t\t\t<td>China <\/td>\n\t\t\t\t\t\t<td>\n\t\t\t\t\t\t\t\t\t\t\t\t\t\t\tAerospace\n\t\t\t\t\t\t\t\t\t\t\t\t\t\t\tIndustry\n\t\t\t\t\t\t\t\t\t\t\t\t\t<\/td>\n\t\t\t\t\t<\/tr>\n\t\t\t\t\t\t\t\t\t<tr>\n\t\t\t\t\t\t<td>China International Industrial Expo<\/td>\n\t\t\t\t\t\t<td>05\/10\/2026\n\t\t\t\t\t\t\t&#8211;\n\t\t\t\t\t\t\t<\/td>\n\t\t\t\t\t\t<td>\tFarnborough<\/td>\n\t\t\t\t\t\t<td>United Kingdom<\/td>\n\t\t\t\t\t\t<td>\n\t\t\t\t\t\t\t\t\t\t\t\t\t\t\tIndustry\n\t\t\t\t\t\t\t\t\t\t\t\t\t<\/td>\n\t\t\t\t\t<\/tr>\n\t\t\t\t\t\t\t\t\t<tr>\n\t\t\t\t\t\t<td>Automechanika<\/td>\n\t\t\t\t\t\t<td>15\/09\/2026\n\t\t\t\t\t\t\t&#8211;\n\t\t\t\t\t\t\t19\/09\/2026<\/td>\n\t\t\t\t\t\t<td>\tFrancfort<\/td>\n\t\t\t\t\t\t<td>Germany<\/td>\n\t\t\t\t\t\t<td>\n\t\t\t\t\t\t\t\t\t\t\t\t\t\t\tAutomotive\n\t\t\t\t\t\t\t\t\t\t\t\t\t<\/td>\n\t\t\t\t\t<\/tr>\n\t\t\t\t\t\t\t\t\t<tr>\n\t\t\t\t\t\t<td>Gastech<\/td>\n\t\t\t\t\t\t<td>08\/09\/2026\n\t\t\t\t\t\t\t&#8211;\n\t\t\t\t\t\t\t11\/09\/2026<\/td>\n\t\t\t\t\t\t<td>Houston<\/td>\n\t\t\t\t\t\t<td>United States<\/td>\n\t\t\t\t\t\t<td>\n\t\t\t\t\t\t\t\t\t\t\t\t\t<\/td>\n\t\t\t\t\t<\/tr>\n\t\t\t\t\t\t\t\t\t<tr>\n\t\t\t\t\t\t<td>Innotrans<\/td>\n\t\t\t\t\t\t<td>22\/09\/2026\n\t\t\t\t\t\t\t&#8211;\n\t\t\t\t\t\t\t25\/09\/2026<\/td>\n\t\t\t\t\t\t<td>Berlin<\/td>\n\t\t\t\t\t\t<td>Germany<\/td>\n\t\t\t\t\t\t<td>\n\t\t\t\t\t\t\t\t\t\t\t\t\t\t\tRailway\n\t\t\t\t\t\t\t\t\t\t\t\t\t<\/td>\n\t\t\t\t\t<\/tr>\n\t\t\t\t\t\t\t\t\t<tr>\n\t\t\t\t\t\t<td>Hydrogen Expo Technology<\/td>\n\t\t\t\t\t\t<td>20\/10\/2026\n\t\t\t\t\t\t\t&#8211;\n\t\t\t\t\t\t\t22\/10\/2026<\/td>\n\t\t\t\t\t\t<td>Hambourg<\/td>\n\t\t\t\t\t\t<td>Germany<\/td>\n\t\t\t\t\t\t<td>\n\t\t\t\t\t\t\t\t\t\t\t\t\t\t\tHydrogen\n\t\t\t\t\t\t\t\t\t\t\t\t\t<\/td>\n\t\t\t\t\t<\/tr>\n\t\t\t\t\t\t\t\t\t<tr>\n\t\t\t\t\t\t<td>Made in France<\/td>\n\t\t\t\t\t\t<td>02\/11\/2026\n\t\t\t\t\t\t\t&#8211;\n\t\t\t\t\t\t\t<\/td>\n\t\t\t\t\t\t<td>Paris <\/td>\n\t\t\t\t\t\t<td>France <\/td>\n\t\t\t\t\t\t<td>\n\t\t\t\t\t\t\t\t\t\t\t\t\t<\/td>\n\t\t\t\t\t<\/tr>\n\t\t\t\t\t\t\t\t\t<tr>\n\t\t\t\t\t\t<td>SPS<\/td>\n\t\t\t\t\t\t<td>24\/11\/2026\n\t\t\t\t\t\t\t&#8211;\n\t\t\t\t\t\t\t26\/11\/2026<\/td>\n\t\t\t\t\t\t<td>Nuremberg<\/td>\n\t\t\t\t\t\t<td>Germany<\/td>\n\t\t\t\t\t\t<td>\n\t\t\t\t\t\t\t\t\t\t\t\t\t\t\tRobotics\n\t\t\t\t\t\t\t\t\t\t\t\t\t<\/td>\n\t\t\t\t\t<\/tr>\n\t\t\t\t\t\t\t<\/tbody>\n\t\t<\/table>\n\t<\/div>\n<\/section>\n\n\n\n<div style=\"height:100px\" aria-hidden=\"true\" class=\"wp-block-spacer\"><\/div>\n\n\n\n<h2 class=\"wp-block-heading\">Past Events<\/h2>\n\n\n<section class=\"block-event-wrapper\" style=\"width:100%;overflow-x:auto;\">\n\t<div style=\"min-width:760px\">\n\t\t<table style=\"border-collapse: collapse; width: 100%; height: 100%\">\n\t\t\t<tbody>\n\t\t\t\t<th>\u00c9v\u00e9n\u00e9ment<\/th>\n\t\t\t\t<th>Dates<\/th>\n\t\t\t\t<th>Ville<\/th>\n\t\t\t\t<th>Pays<\/th>\n\t\t\t\t<th>March\u00e9<\/th>\n\t\t\t\t\t\t\t\t\t<tr>\n\t\t\t\t\t\t<td>ADF<\/td>\n\t\t\t\t\t\t<td>28\/01\/2025\n\t\t\t\t\t\t\t&#8211;\n\t\t\t\t\t\t\t29\/01\/2025<\/td>\n\t\t\t\t\t\t<td>Paris<\/td>\n\t\t\t\t\t\t<td>France <\/td>\n\t\t\t\t\t\t<td>\n\t\t\t\t\t\t\t\t\t\t\t\t\t\t\tIndustry\n\t\t\t\t\t\t\t\t\t\t\t\t\t<\/td>\n\t\t\t\t\t<\/tr>\n\t\t\t\t\t\t\t\t\t<tr>\n\t\t\t\t\t\t<td>Hyvolution <\/td>\n\t\t\t\t\t\t<td>28\/01\/2025\n\t\t\t\t\t\t\t&#8211;\n\t\t\t\t\t\t\t30\/01\/2025<\/td>\n\t\t\t\t\t\t<td>Paris<\/td>\n\t\t\t\t\t\t<td>France <\/td>\n\t\t\t\t\t\t<td>\n\t\t\t\t\t\t\t\t\t\t\t\t\t\t\tHydrogen\n\t\t\t\t\t\t\t\t\t\t\t\t\t<\/td>\n\t\t\t\t\t<\/tr>\n\t\t\t\t\t\t\t\t\t<tr>\n\t\t\t\t\t\t<td>CFIA<\/td>\n\t\t\t\t\t\t<td>04\/03\/2025\n\t\t\t\t\t\t\t&#8211;\n\t\t\t\t\t\t\t06\/03\/2025<\/td>\n\t\t\t\t\t\t<td>Rennes<\/td>\n\t\t\t\t\t\t<td>France <\/td>\n\t\t\t\t\t\t<td>\n\t\t\t\t\t\t\t\t\t\t\t\t\t<\/td>\n\t\t\t\t\t<\/tr>\n\t\t\t\t\t\t\t\t\t<tr>\n\t\t\t\t\t\t<td>Global Industrie<\/td>\n\t\t\t\t\t\t<td>11\/03\/2025\n\t\t\t\t\t\t\t&#8211;\n\t\t\t\t\t\t\t14\/03\/2025<\/td>\n\t\t\t\t\t\t<td>Lyon<\/td>\n\t\t\t\t\t\t<td>France <\/td>\n\t\t\t\t\t\t<td>\n\t\t\t\t\t\t\t\t\t\t\t\t\t\t\tIndustry\n\t\t\t\t\t\t\t\t\t\t\t\t\t<\/td>\n\t\t\t\t\t<\/tr>\n\t\t\t\t\t\t\t\t\t<tr>\n\t\t\t\t\t\t<td>Bordnetze<\/td>\n\t\t\t\t\t\t<td>06\/05\/2025\n\t\t\t\t\t\t\t&#8211;\n\t\t\t\t\t\t\t07\/05\/2025<\/td>\n\t\t\t\t\t\t<td>Ludwigsburg <\/td>\n\t\t\t\t\t\t<td>Germany<\/td>\n\t\t\t\t\t\t<td>\n\t\t\t\t\t\t\t\t\t\t\t\t\t\t\tAutomotive\n\t\t\t\t\t\t\t\t\t\t\t\t\t<\/td>\n\t\t\t\t\t<\/tr>\n\t\t\t\t\t\t\t\t\t<tr>\n\t\t\t\t\t\t<td>Battery Show Europe<\/td>\n\t\t\t\t\t\t<td>03\/06\/2025\n\t\t\t\t\t\t\t&#8211;\n\t\t\t\t\t\t\t05\/06\/2025<\/td>\n\t\t\t\t\t\t<td>Stuttgart<\/td>\n\t\t\t\t\t\t<td>Germany<\/td>\n\t\t\t\t\t\t<td>\n\t\t\t\t\t\t\t\t\t\t\t\t\t\t\tAutomotive\n\t\t\t\t\t\t\t\t\t\t\t\t\t<\/td>\n\t\t\t\t\t<\/tr>\n\t\t\t\t\t\t\t\t\t<tr>\n\t\t\t\t\t\t<td>Paris Air Show \/ SIAE<\/td>\n\t\t\t\t\t\t<td>16\/06\/2025\n\t\t\t\t\t\t\t&#8211;\n\t\t\t\t\t\t\t22\/06\/2025<\/td>\n\t\t\t\t\t\t<td>Le Bourget <\/td>\n\t\t\t\t\t\t<td>France<\/td>\n\t\t\t\t\t\t<td>\n\t\t\t\t\t\t\t\t\t\t\t\t\t\t\tAerospace\n\t\t\t\t\t\t\t\t\t\t\t\t\t<\/td>\n\t\t\t\t\t<\/tr>\n\t\t\t\t\t\t\t\t\t<tr>\n\t\t\t\t\t\t<td>Eurobike <\/td>\n\t\t\t\t\t\t<td>25\/06\/2025\n\t\t\t\t\t\t\t&#8211;\n\t\t\t\t\t\t\t29\/06\/2025<\/td>\n\t\t\t\t\t\t<td>Frankfurt <\/td>\n\t\t\t\t\t\t<td>Germany<\/td>\n\t\t\t\t\t\t<td>\n\t\t\t\t\t\t\t\t\t\t\t\t\t\t\tE-bike\n\t\t\t\t\t\t\t\t\t\t\t\t\t<\/td>\n\t\t\t\t\t<\/tr>\n\t\t\t\t\t\t\t\t\t<tr>\n\t\t\t\t\t\t<td>Battery Show US<\/td>\n\t\t\t\t\t\t<td>06\/10\/2025\n\t\t\t\t\t\t\t&#8211;\n\t\t\t\t\t\t\t09\/10\/2025<\/td>\n\t\t\t\t\t\t<td>Detroit<\/td>\n\t\t\t\t\t\t<td>United States<\/td>\n\t\t\t\t\t\t<td>\n\t\t\t\t\t\t\t\t\t\t\t\t\t\t\tAutomotive\n\t\t\t\t\t\t\t\t\t\t\t\t\t<\/td>\n\t\t\t\t\t<\/tr>\n\t\t\t\t\t\t\t\t\t<tr>\n\t\t\t\t\t\t<td>WNE <\/td>\n\t\t\t\t\t\t<td>04\/11\/2025\n\t\t\t\t\t\t\t&#8211;\n\t\t\t\t\t\t\t06\/11\/2025<\/td>\n\t\t\t\t\t\t<td>Paris <\/td>\n\t\t\t\t\t\t<td>France <\/td>\n\t\t\t\t\t\t<td>\n\t\t\t\t\t\t\t\t\t\t\t\t\t\t\tNuclear\n\t\t\t\t\t\t\t\t\t\t\t\t\t<\/td>\n\t\t\t\t\t<\/tr>\n\t\t\t\t\t\t\t\t\t<tr>\n\t\t\t\t\t\t<td>SPS<\/td>\n\t\t\t\t\t\t<td>25\/11\/2025\n\t\t\t\t\t\t\t&#8211;\n\t\t\t\t\t\t\t27\/11\/2025<\/td>\n\t\t\t\t\t\t<td>Nuremberg <\/td>\n\t\t\t\t\t\t<td>Germany<\/td>\n\t\t\t\t\t\t<td>\n\t\t\t\t\t\t\t\t\t\t\t\t\t\t\tRobotics\n\t\t\t\t\t\t\t\t\t\t\t\t\t<\/td>\n\t\t\t\t\t<\/tr>\n\t\t\t\t\t\t\t<\/tbody>\n\t\t<\/table>\n\t<\/div>\n<\/section>\n","protected":false},"excerpt":{"rendered":"<p>Upcoming Events Past Events<\/p>\n","protected":false},"author":2,"featured_media":0,"parent":0,"menu_order":0,"comment_status":"closed","ping_status":"closed","template":"","meta":{"_acf_changed":false,"footnotes":""},"class_list":["post-3180","page","type-page","status-publish","hentry"],"acf":[],"yoast_head":"<!-- This site is optimized with the Yoast SEO plugin v27.3 - https:\/\/yoast.com\/product\/yoast-seo-wordpress\/ -->\n<title>Trade Shows - Hutchinson - PSS<\/title>\n<meta name=\"description\" content=\"Trade Shows\" \/>\n<meta name=\"robots\" content=\"index, follow, max-snippet:-1, max-image-preview:large, max-video-preview:-1\" \/>\n<link rel=\"canonical\" href=\"https:\/\/precisionsealingsystems.hutchinson.com\/en\/trade-shows\/\" \/>\n<meta property=\"og:locale\" content=\"en_US\" \/>\n<meta property=\"og:type\" content=\"article\" \/>\n<meta property=\"og:title\" content=\"Trade Shows - Hutchinson - PSS\" \/>\n<meta property=\"og:description\" content=\"Trade Shows\" \/>\n<meta property=\"og:url\" content=\"https:\/\/precisionsealingsystems.hutchinson.com\/en\/trade-shows\/\" \/>\n<meta property=\"og:site_name\" content=\"Hutchinson - PSS\" \/>\n<meta property=\"article:modified_time\" content=\"2025-12-23T14:29:54+00:00\" \/>\n<meta name=\"twitter:card\" content=\"summary_large_image\" \/>\n<meta name=\"twitter:label1\" content=\"Est. reading time\" \/>\n\t<meta name=\"twitter:data1\" content=\"1 minute\" \/>\n<script type=\"application\/ld+json\" class=\"yoast-schema-graph\">{\"@context\":\"https:\\\/\\\/schema.org\",\"@graph\":[{\"@type\":\"WebPage\",\"@id\":\"https:\\\/\\\/precisionsealingsystems.hutchinson.com\\\/en\\\/trade-shows\\\/\",\"url\":\"https:\\\/\\\/precisionsealingsystems.hutchinson.com\\\/en\\\/trade-shows\\\/\",\"name\":\"Trade Shows - Hutchinson - PSS\",\"isPartOf\":{\"@id\":\"https:\\\/\\\/precisionsealingsystems.hutchinson.com\\\/#website\"},\"datePublished\":\"2023-02-17T08:50:07+00:00\",\"dateModified\":\"2025-12-23T14:29:54+00:00\",\"description\":\"Trade Shows\",\"breadcrumb\":{\"@id\":\"https:\\\/\\\/precisionsealingsystems.hutchinson.com\\\/en\\\/trade-shows\\\/#breadcrumb\"},\"inLanguage\":\"en-US\",\"potentialAction\":[{\"@type\":\"ReadAction\",\"target\":[\"https:\\\/\\\/precisionsealingsystems.hutchinson.com\\\/en\\\/trade-shows\\\/\"]}]},{\"@type\":\"BreadcrumbList\",\"@id\":\"https:\\\/\\\/precisionsealingsystems.hutchinson.com\\\/en\\\/trade-shows\\\/#breadcrumb\",\"itemListElement\":[{\"@type\":\"ListItem\",\"position\":1,\"name\":\"Accueil\",\"item\":\"https:\\\/\\\/precisionsealingsystems.hutchinson.com\\\/en\\\/\"},{\"@type\":\"ListItem\",\"position\":2,\"name\":\"Trade Shows\"}]},{\"@type\":\"WebSite\",\"@id\":\"https:\\\/\\\/precisionsealingsystems.hutchinson.com\\\/#website\",\"url\":\"https:\\\/\\\/precisionsealingsystems.hutchinson.com\\\/\",\"name\":\"Hutchinson - PSS\",\"description\":\"Precision Sealing Systems\",\"publisher\":{\"@id\":\"https:\\\/\\\/precisionsealingsystems.hutchinson.com\\\/#organization\"},\"potentialAction\":[{\"@type\":\"SearchAction\",\"target\":{\"@type\":\"EntryPoint\",\"urlTemplate\":\"https:\\\/\\\/precisionsealingsystems.hutchinson.com\\\/?s={search_term_string}\"},\"query-input\":{\"@type\":\"PropertyValueSpecification\",\"valueRequired\":true,\"valueName\":\"search_term_string\"}}],\"inLanguage\":\"en-US\"},{\"@type\":\"Organization\",\"@id\":\"https:\\\/\\\/precisionsealingsystems.hutchinson.com\\\/#organization\",\"name\":\"Hutchinson - PSS\",\"url\":\"https:\\\/\\\/precisionsealingsystems.hutchinson.com\\\/\",\"logo\":{\"@type\":\"ImageObject\",\"inLanguage\":\"en-US\",\"@id\":\"https:\\\/\\\/precisionsealingsystems.hutchinson.com\\\/#\\\/schema\\\/logo\\\/image\\\/\",\"url\":\"https:\\\/\\\/precisionsealingsystems.hutchinson.com\\\/wp-content\\\/uploads\\\/2023\\\/02\\\/logo_hutchinson_pss-1.png\",\"contentUrl\":\"https:\\\/\\\/precisionsealingsystems.hutchinson.com\\\/wp-content\\\/uploads\\\/2023\\\/02\\\/logo_hutchinson_pss-1.png\",\"width\":1433,\"height\":151,\"caption\":\"Hutchinson - PSS\"},\"image\":{\"@id\":\"https:\\\/\\\/precisionsealingsystems.hutchinson.com\\\/#\\\/schema\\\/logo\\\/image\\\/\"}}]}<\/script>\n<!-- \/ Yoast SEO plugin. -->","yoast_head_json":{"title":"Trade Shows - Hutchinson - PSS","description":"Trade Shows","robots":{"index":"index","follow":"follow","max-snippet":"max-snippet:-1","max-image-preview":"max-image-preview:large","max-video-preview":"max-video-preview:-1"},"canonical":"https:\/\/precisionsealingsystems.hutchinson.com\/en\/trade-shows\/","og_locale":"en_US","og_type":"article","og_title":"Trade Shows - Hutchinson - PSS","og_description":"Trade Shows","og_url":"https:\/\/precisionsealingsystems.hutchinson.com\/en\/trade-shows\/","og_site_name":"Hutchinson - PSS","article_modified_time":"2025-12-23T14:29:54+00:00","twitter_card":"summary_large_image","twitter_misc":{"Est. reading time":"1 minute"},"schema":{"@context":"https:\/\/schema.org","@graph":[{"@type":"WebPage","@id":"https:\/\/precisionsealingsystems.hutchinson.com\/en\/trade-shows\/","url":"https:\/\/precisionsealingsystems.hutchinson.com\/en\/trade-shows\/","name":"Trade Shows - Hutchinson - PSS","isPartOf":{"@id":"https:\/\/precisionsealingsystems.hutchinson.com\/#website"},"datePublished":"2023-02-17T08:50:07+00:00","dateModified":"2025-12-23T14:29:54+00:00","description":"Trade Shows","breadcrumb":{"@id":"https:\/\/precisionsealingsystems.hutchinson.com\/en\/trade-shows\/#breadcrumb"},"inLanguage":"en-US","potentialAction":[{"@type":"ReadAction","target":["https:\/\/precisionsealingsystems.hutchinson.com\/en\/trade-shows\/"]}]},{"@type":"BreadcrumbList","@id":"https:\/\/precisionsealingsystems.hutchinson.com\/en\/trade-shows\/#breadcrumb","itemListElement":[{"@type":"ListItem","position":1,"name":"Accueil","item":"https:\/\/precisionsealingsystems.hutchinson.com\/en\/"},{"@type":"ListItem","position":2,"name":"Trade Shows"}]},{"@type":"WebSite","@id":"https:\/\/precisionsealingsystems.hutchinson.com\/#website","url":"https:\/\/precisionsealingsystems.hutchinson.com\/","name":"Hutchinson - PSS","description":"Precision Sealing Systems","publisher":{"@id":"https:\/\/precisionsealingsystems.hutchinson.com\/#organization"},"potentialAction":[{"@type":"SearchAction","target":{"@type":"EntryPoint","urlTemplate":"https:\/\/precisionsealingsystems.hutchinson.com\/?s={search_term_string}"},"query-input":{"@type":"PropertyValueSpecification","valueRequired":true,"valueName":"search_term_string"}}],"inLanguage":"en-US"},{"@type":"Organization","@id":"https:\/\/precisionsealingsystems.hutchinson.com\/#organization","name":"Hutchinson - PSS","url":"https:\/\/precisionsealingsystems.hutchinson.com\/","logo":{"@type":"ImageObject","inLanguage":"en-US","@id":"https:\/\/precisionsealingsystems.hutchinson.com\/#\/schema\/logo\/image\/","url":"https:\/\/precisionsealingsystems.hutchinson.com\/wp-content\/uploads\/2023\/02\/logo_hutchinson_pss-1.png","contentUrl":"https:\/\/precisionsealingsystems.hutchinson.com\/wp-content\/uploads\/2023\/02\/logo_hutchinson_pss-1.png","width":1433,"height":151,"caption":"Hutchinson - PSS"},"image":{"@id":"https:\/\/precisionsealingsystems.hutchinson.com\/#\/schema\/logo\/image\/"}}]}},"_links":{"self":[{"href":"https:\/\/precisionsealingsystems.hutchinson.com\/en\/wp-json\/wp\/v2\/pages\/3180","targetHints":{"allow":["GET"]}}],"collection":[{"href":"https:\/\/precisionsealingsystems.hutchinson.com\/en\/wp-json\/wp\/v2\/pages"}],"about":[{"href":"https:\/\/precisionsealingsystems.hutchinson.com\/en\/wp-json\/wp\/v2\/types\/page"}],"author":[{"embeddable":true,"href":"https:\/\/precisionsealingsystems.hutchinson.com\/en\/wp-json\/wp\/v2\/users\/2"}],"replies":[{"embeddable":true,"href":"https:\/\/precisionsealingsystems.hutchinson.com\/en\/wp-json\/wp\/v2\/comments?post=3180"}],"version-history":[{"count":28,"href":"https:\/\/precisionsealingsystems.hutchinson.com\/en\/wp-json\/wp\/v2\/pages\/3180\/revisions"}],"predecessor-version":[{"id":79528,"href":"https:\/\/precisionsealingsystems.hutchinson.com\/en\/wp-json\/wp\/v2\/pages\/3180\/revisions\/79528"}],"wp:attachment":[{"href":"https:\/\/precisionsealingsystems.hutchinson.com\/en\/wp-json\/wp\/v2\/media?parent=3180"}],"curies":[{"name":"wp","href":"https:\/\/api.w.org\/{rel}","templated":true}]}}