{"id":6058,"date":"2024-10-01T18:04:56","date_gmt":"2024-10-01T16:04:56","guid":{"rendered":"https:\/\/precisionsealingsystems.hutchinson.com\/product\/bagues-pfs\/"},"modified":"2025-07-23T11:16:47","modified_gmt":"2025-07-23T09:16:47","slug":"pamargan-flange-seal","status":"publish","type":"product","link":"https:\/\/precisionsealingsystems.hutchinson.com\/en\/product\/pamargan-flange-seal\/","title":{"rendered":"Pamargan Flange Seal"},"template":"","prdct_cat":[110],"market":[119,122,123,239,126,211],"class_list":["post-6058","product","type-product","status-publish","hentry","prdct_cat-o-rings-and-bonded-seals","market-chemistry-en","market-drinking-water-en","market-energy-en","market-food-en","market-industry-en","market-oil-gaz-en"],"acf":[],"yoast_head":"<!-- This site is optimized with the Yoast SEO plugin v27.2 - https:\/\/yoast.com\/product\/yoast-seo-wordpress\/ -->\n<title>Pamargan Flange Seal - Hutchinson - PSS<\/title>\n<meta name=\"description\" content=\"Sp\u00e9cialement con\u00e7ue pour les tuyauteries \u00e0 raccords \u00e0 bride, la bague PFS est compos\u00e9e d\u2019une armature en acier inoxydable\" \/>\n<meta name=\"robots\" content=\"index, follow, max-snippet:-1, max-image-preview:large, max-video-preview:-1\" \/>\n<link rel=\"canonical\" href=\"https:\/\/precisionsealingsystems.hutchinson.com\/en\/product\/pamargan-flange-seal\/\" \/>\n<meta property=\"og:locale\" content=\"en_US\" \/>\n<meta property=\"og:type\" content=\"article\" \/>\n<meta property=\"og:title\" content=\"Pamargan Flange Seal - Hutchinson - PSS\" \/>\n<meta property=\"og:description\" content=\"Sp\u00e9cialement con\u00e7ue pour les tuyauteries \u00e0 raccords \u00e0 bride, la bague PFS est compos\u00e9e d\u2019une armature en acier inoxydable\" \/>\n<meta property=\"og:url\" content=\"https:\/\/precisionsealingsystems.hutchinson.com\/en\/product\/pamargan-flange-seal\/\" \/>\n<meta property=\"og:site_name\" content=\"Hutchinson - PSS\" \/>\n<meta property=\"article:modified_time\" content=\"2025-07-23T09:16:47+00:00\" \/>\n<meta name=\"twitter:card\" content=\"summary_large_image\" \/>\n<script type=\"application\/ld+json\" class=\"yoast-schema-graph\">{\"@context\":\"https:\/\/schema.org\",\"@graph\":[{\"@type\":\"WebPage\",\"@id\":\"https:\/\/precisionsealingsystems.hutchinson.com\/en\/product\/pamargan-flange-seal\/\",\"url\":\"https:\/\/precisionsealingsystems.hutchinson.com\/en\/product\/pamargan-flange-seal\/\",\"name\":\"Pamargan Flange Seal - Hutchinson - PSS\",\"isPartOf\":{\"@id\":\"https:\/\/precisionsealingsystems.hutchinson.com\/#website\"},\"datePublished\":\"2024-10-01T16:04:56+00:00\",\"dateModified\":\"2025-07-23T09:16:47+00:00\",\"description\":\"Sp\u00e9cialement con\u00e7ue pour les tuyauteries \u00e0 raccords \u00e0 bride, la bague PFS est compos\u00e9e d\u2019une armature en acier inoxydable\",\"breadcrumb\":{\"@id\":\"https:\/\/precisionsealingsystems.hutchinson.com\/en\/product\/pamargan-flange-seal\/#breadcrumb\"},\"inLanguage\":\"en-US\",\"potentialAction\":[{\"@type\":\"ReadAction\",\"target\":[\"https:\/\/precisionsealingsystems.hutchinson.com\/en\/product\/pamargan-flange-seal\/\"]}]},{\"@type\":\"BreadcrumbList\",\"@id\":\"https:\/\/precisionsealingsystems.hutchinson.com\/en\/product\/pamargan-flange-seal\/#breadcrumb\",\"itemListElement\":[{\"@type\":\"ListItem\",\"position\":1,\"name\":\"Accueil\",\"item\":\"https:\/\/precisionsealingsystems.hutchinson.com\/en\/\"},{\"@type\":\"ListItem\",\"position\":2,\"name\":\"Pamargan Flange Seal\"}]},{\"@type\":\"WebSite\",\"@id\":\"https:\/\/precisionsealingsystems.hutchinson.com\/#website\",\"url\":\"https:\/\/precisionsealingsystems.hutchinson.com\/\",\"name\":\"Hutchinson - PSS\",\"description\":\"Precision Sealing Systems\",\"publisher\":{\"@id\":\"https:\/\/precisionsealingsystems.hutchinson.com\/#organization\"},\"potentialAction\":[{\"@type\":\"SearchAction\",\"target\":{\"@type\":\"EntryPoint\",\"urlTemplate\":\"https:\/\/precisionsealingsystems.hutchinson.com\/?s={search_term_string}\"},\"query-input\":{\"@type\":\"PropertyValueSpecification\",\"valueRequired\":true,\"valueName\":\"search_term_string\"}}],\"inLanguage\":\"en-US\"},{\"@type\":\"Organization\",\"@id\":\"https:\/\/precisionsealingsystems.hutchinson.com\/#organization\",\"name\":\"Hutchinson - PSS\",\"url\":\"https:\/\/precisionsealingsystems.hutchinson.com\/\",\"logo\":{\"@type\":\"ImageObject\",\"inLanguage\":\"en-US\",\"@id\":\"https:\/\/precisionsealingsystems.hutchinson.com\/#\/schema\/logo\/image\/\",\"url\":\"https:\/\/precisionsealingsystems.hutchinson.com\/wp-content\/uploads\/2023\/02\/logo_hutchinson_pss-1.png\",\"contentUrl\":\"https:\/\/precisionsealingsystems.hutchinson.com\/wp-content\/uploads\/2023\/02\/logo_hutchinson_pss-1.png\",\"width\":1433,\"height\":151,\"caption\":\"Hutchinson - PSS\"},\"image\":{\"@id\":\"https:\/\/precisionsealingsystems.hutchinson.com\/#\/schema\/logo\/image\/\"}}]}<\/script>\n<!-- \/ Yoast SEO plugin. -->","yoast_head_json":{"title":"Pamargan Flange Seal - Hutchinson - PSS","description":"Sp\u00e9cialement con\u00e7ue pour les tuyauteries \u00e0 raccords \u00e0 bride, la bague PFS est compos\u00e9e d\u2019une armature en acier inoxydable","robots":{"index":"index","follow":"follow","max-snippet":"max-snippet:-1","max-image-preview":"max-image-preview:large","max-video-preview":"max-video-preview:-1"},"canonical":"https:\/\/precisionsealingsystems.hutchinson.com\/en\/product\/pamargan-flange-seal\/","og_locale":"en_US","og_type":"article","og_title":"Pamargan Flange Seal - Hutchinson - PSS","og_description":"Sp\u00e9cialement con\u00e7ue pour les tuyauteries \u00e0 raccords \u00e0 bride, la bague PFS est compos\u00e9e d\u2019une armature en acier inoxydable","og_url":"https:\/\/precisionsealingsystems.hutchinson.com\/en\/product\/pamargan-flange-seal\/","og_site_name":"Hutchinson - PSS","article_modified_time":"2025-07-23T09:16:47+00:00","twitter_card":"summary_large_image","schema":{"@context":"https:\/\/schema.org","@graph":[{"@type":"WebPage","@id":"https:\/\/precisionsealingsystems.hutchinson.com\/en\/product\/pamargan-flange-seal\/","url":"https:\/\/precisionsealingsystems.hutchinson.com\/en\/product\/pamargan-flange-seal\/","name":"Pamargan Flange Seal - Hutchinson - PSS","isPartOf":{"@id":"https:\/\/precisionsealingsystems.hutchinson.com\/#website"},"datePublished":"2024-10-01T16:04:56+00:00","dateModified":"2025-07-23T09:16:47+00:00","description":"Sp\u00e9cialement con\u00e7ue pour les tuyauteries \u00e0 raccords \u00e0 bride, la bague PFS est compos\u00e9e d\u2019une armature en acier inoxydable","breadcrumb":{"@id":"https:\/\/precisionsealingsystems.hutchinson.com\/en\/product\/pamargan-flange-seal\/#breadcrumb"},"inLanguage":"en-US","potentialAction":[{"@type":"ReadAction","target":["https:\/\/precisionsealingsystems.hutchinson.com\/en\/product\/pamargan-flange-seal\/"]}]},{"@type":"BreadcrumbList","@id":"https:\/\/precisionsealingsystems.hutchinson.com\/en\/product\/pamargan-flange-seal\/#breadcrumb","itemListElement":[{"@type":"ListItem","position":1,"name":"Accueil","item":"https:\/\/precisionsealingsystems.hutchinson.com\/en\/"},{"@type":"ListItem","position":2,"name":"Pamargan Flange Seal"}]},{"@type":"WebSite","@id":"https:\/\/precisionsealingsystems.hutchinson.com\/#website","url":"https:\/\/precisionsealingsystems.hutchinson.com\/","name":"Hutchinson - PSS","description":"Precision Sealing Systems","publisher":{"@id":"https:\/\/precisionsealingsystems.hutchinson.com\/#organization"},"potentialAction":[{"@type":"SearchAction","target":{"@type":"EntryPoint","urlTemplate":"https:\/\/precisionsealingsystems.hutchinson.com\/?s={search_term_string}"},"query-input":{"@type":"PropertyValueSpecification","valueRequired":true,"valueName":"search_term_string"}}],"inLanguage":"en-US"},{"@type":"Organization","@id":"https:\/\/precisionsealingsystems.hutchinson.com\/#organization","name":"Hutchinson - PSS","url":"https:\/\/precisionsealingsystems.hutchinson.com\/","logo":{"@type":"ImageObject","inLanguage":"en-US","@id":"https:\/\/precisionsealingsystems.hutchinson.com\/#\/schema\/logo\/image\/","url":"https:\/\/precisionsealingsystems.hutchinson.com\/wp-content\/uploads\/2023\/02\/logo_hutchinson_pss-1.png","contentUrl":"https:\/\/precisionsealingsystems.hutchinson.com\/wp-content\/uploads\/2023\/02\/logo_hutchinson_pss-1.png","width":1433,"height":151,"caption":"Hutchinson - PSS"},"image":{"@id":"https:\/\/precisionsealingsystems.hutchinson.com\/#\/schema\/logo\/image\/"}}]}},"_links":{"self":[{"href":"https:\/\/precisionsealingsystems.hutchinson.com\/en\/wp-json\/wp\/v2\/product\/6058","targetHints":{"allow":["GET"]}}],"collection":[{"href":"https:\/\/precisionsealingsystems.hutchinson.com\/en\/wp-json\/wp\/v2\/product"}],"about":[{"href":"https:\/\/precisionsealingsystems.hutchinson.com\/en\/wp-json\/wp\/v2\/types\/product"}],"wp:attachment":[{"href":"https:\/\/precisionsealingsystems.hutchinson.com\/en\/wp-json\/wp\/v2\/media?parent=6058"}],"wp:term":[{"taxonomy":"prdct_cat","embeddable":true,"href":"https:\/\/precisionsealingsystems.hutchinson.com\/en\/wp-json\/wp\/v2\/prdct_cat?post=6058"},{"taxonomy":"market","embeddable":true,"href":"https:\/\/precisionsealingsystems.hutchinson.com\/en\/wp-json\/wp\/v2\/market?post=6058"}],"curies":[{"name":"wp","href":"https:\/\/api.w.org\/{rel}","templated":true}]}}